{"id":4682,"date":"2019-09-18T19:20:55","date_gmt":"2019-09-18T17:20:55","guid":{"rendered":"http:\/\/dev.oxygen-coaching.fr\/la-spirale\/"},"modified":"2023-04-20T18:09:01","modified_gmt":"2023-04-20T16:09:01","slug":"la-espiral-coaching","status":"publish","type":"page","link":"https:\/\/www.oxygen-coaching.fr\/es\/publicaciones\/la-espiral-coaching\/","title":{"rendered":"La Espiral\u00a9"},"content":{"rendered":"<section class=\"l-section wpb_row height_auto\"><div class=\"l-section-h i-cf\"><div class=\"g-cols vc_row via_flex valign_top type_default stacking_default\"><div class=\"vc_col-sm-2\/5 wpb_column vc_column_container img-spirale\"><div class=\"vc_column-inner\"><div class=\"wpb_wrapper\"><div class=\"w-image align_center\"><div class=\"w-image-h\"><img decoding=\"async\" width=\"412\" height=\"600\" src=\"https:\/\/www.oxygen-coaching.fr\/wp-content\/uploads\/la-spirale-couv-2.png\" class=\"attachment-us_0_600_crop size-us_0_600_crop\" alt=\"Couverture &quot;La Spirale&quot;\" loading=\"lazy\" srcset=\"https:\/\/www.oxygen-coaching.fr\/wp-content\/uploads\/la-spirale-couv-2.png 531w, https:\/\/www.oxygen-coaching.fr\/wp-content\/uploads\/la-spirale-couv-2-206x300.png 206w\" sizes=\"auto, (max-width: 412px) 100vw, 412px\" \/><\/div><\/div><div class=\"wpb_text_column us_custom_99127204\"><div class=\"wpb_wrapper\"><p class=\"p1\"><span class=\"s1\" style=\"color: #308e90;\">Desarrollo en 6 etapas:<\/span><\/p>\n<ol class=\"ol1\">\n<li class=\"li1\"><span class=\"s1\">Identificar su ola<\/span><\/li>\n<li class=\"li1\"><span class=\"s1\">Posicionarse en ella<\/span><\/li>\n<li class=\"li1\"><span class=\"s1\">Interrogarse sobre la ecolog\u00eda de su posici\u00f3n<\/span><\/li>\n<li class=\"li1\"><span class=\"s1\">Identificar resistencias y creencias limitantes<\/span><\/li>\n<li class=\"li1\"><span class=\"s1\">Definir posibles bifurcaciones\u00a0<\/span><\/li>\n<li class=\"li1\"><span class=\"s1\">Bifurcar<\/span><\/li>\n<\/ol>\n<\/div><\/div><\/div><\/div><\/div><div class=\"vc_col-sm-3\/5 wpb_column vc_column_container\"><div class=\"vc_column-inner\"><div class=\"wpb_wrapper\"><div class=\"wpb_text_column\"><div class=\"wpb_wrapper\"><h2 style=\"text-align: justify;\"><span style=\"font-size: 12pt; color: #333333;\">La Espiral\u00a9 es un m\u00e9todo de coaching que permite un trabajo sobre el sentido y las creencias en torno al tema \u00ab <\/span><span style=\"font-size: 12pt; color: #333333;\"><span style=\"color: #006481;\"><strong><span style=\"color: #308e90;\">\u00bfcu\u00e1ndo cambiar? <\/span><\/strong><\/span><\/span><span style=\"font-size: 12pt; color: #333333;\">\u00bb.<\/span><\/h2>\n<\/div><\/div><div class=\"wpb_text_column\"><div class=\"wpb_wrapper\"><p class=\"p1\"><span class=\"s1\">Se trata de un m\u00e9todo que ayuda al cliente a poner en perspectiva su vida, proyecto o problem\u00e1tica; lleva a interrogase sobre el car\u00e1cter ecol\u00f3gico de lo que se vive y siente.\u00a0<\/span><\/p>\n<\/div><\/div><div class=\"wpb_text_column\"><div class=\"wpb_wrapper\"><p class=\"p1\"><span class=\"s1\">Acompa\u00f1amos al cliente para que se concentre en sus emociones, se interrogue sobre lo que siente y no solo sobre lo que hace y que observe todo desde otra perspectiva que le permita imaginar otras posibilidades.<\/span><\/p>\n<ul class=\"ul1\">\n<li class=\"li1\"><span class=\"s1\">\u00bfCu\u00e1l es la trayectoria que estoy siguiendo?<\/span><\/li>\n<li class=\"li1\"><span class=\"s1\">\u00bfA d\u00f3nde me lleva esa trayectoria?<\/span><\/li>\n<li class=\"li1\"><span class=\"s1\">\u00bfEn qu\u00e9 punto de dicha trayectoria me sit\u00fao en este momento?<\/span><\/li>\n<li class=\"li1\"><span class=\"s1\">\u00bfMe conviene?<\/span><\/li>\n<li class=\"li1\"><span class=\"s1\">\u00bfCu\u00e1les son mis posibilidades?<\/span><\/li>\n<\/ul>\n<p class=\"p1\" style=\"text-align: left;\">La Spirale\u00a9 se adapta particularmente a las situaciones del coaching profesional:<br \/>\n<strong>Mutaciones<\/strong>, <strong>promociones<\/strong>, <strong>periodos de transici\u00f3n<\/strong>, <strong>burn-out<\/strong>, <strong>conflictos interpersonales<\/strong>, <strong>fusi\u00f3n<\/strong>, <strong>adquisici\u00f3n<\/strong> e <strong>interculturalidad<\/strong>.<\/p>\n<\/div><\/div><div class=\"w-separator size_custom with_line width_default thick_1 style_solid color_border align_center\" style=\"height:20px\"><div class=\"w-separator-h\"><\/div><\/div><div class=\"w-btn-wrapper align_center\"><a class=\"w-btn us-btn-style_9\" target=\" _blank\" rel=\"nofollow\" href=\"https:\/\/www.oxygen-coaching.fr\/wp-content\/uploads\/la-spirale-un-outil-de-coaching.pdf\"><span class=\"w-btn-label\">Presentaci\u00f3n de la Spirale\u00a9<\/span><\/a><\/div><div class=\"w-separator size_medium with_line width_default thick_1 style_solid color_border align_center\"><div class=\"w-separator-h\"><\/div><\/div><div class=\"wpb_text_column us_custom_63e2f4ef\"><div class=\"wpb_wrapper\"><div class=\"w-testimonial-text\"><span style=\"color: #308e90;\">\u00abTener nuevas ideas es f\u00e1cil,<\/span><br \/>\n<span style=\"color: #308e90;\">lo dif\u00edcil es dejar de lado lo que antes generaba \u00e9xito y que pronto estar\u00e1 obsoleto\u00bb<\/span><\/div>\n<div><\/div>\n<div class=\"w-testimonial-text\">Roger Von Oech<\/div>\n<\/div><\/div><\/div><\/div><\/div><\/div><\/div><\/section>\n","protected":false},"excerpt":{"rendered":"Desarrollo en 6 etapas: Identificar su ola Posicionarse en ella Interrogarse sobre la ecolog\u00eda de su posici\u00f3n Identificar resistencias y creencias limitantes Definir posibles bifurcaciones\u00a0 Bifurcar La Espiral\u00a9 es un m\u00e9todo de coaching que permite un trabajo sobre el sentido y las creencias en torno al tema \u00ab \u00bfcu\u00e1ndo cambiar? \u00bb. Se trata de un...","protected":false},"author":6,"featured_media":0,"parent":4642,"menu_order":0,"comment_status":"closed","ping_status":"closed","template":"","meta":{"_monsterinsights_skip_tracking":false,"_monsterinsights_sitenote_active":false,"_monsterinsights_sitenote_note":"","_monsterinsights_sitenote_category":0,"footnotes":""},"class_list":["post-4682","page","type-page","status-publish","hentry"],"yoast_head":"<!-- This site is optimized with the Yoast SEO plugin v25.8 - https:\/\/yoast.com\/wordpress\/plugins\/seo\/ -->\n<title>La Espiral\u00a9 &#8226; Oxygen Coaching<\/title>\n<meta name=\"robots\" content=\"index, follow, max-snippet:-1, max-image-preview:large, max-video-preview:-1\" \/>\n<link rel=\"canonical\" href=\"https:\/\/www.oxygen-coaching.fr\/es\/la-espiral-coaching\/\" \/>\n<meta property=\"og:locale\" content=\"es_ES\" \/>\n<meta property=\"og:type\" content=\"article\" \/>\n<meta property=\"og:title\" content=\"La Espiral\u00a9 &#8226; Oxygen Coaching\" \/>\n<meta property=\"og:url\" content=\"https:\/\/www.oxygen-coaching.fr\/es\/la-espiral-coaching\/\" \/>\n<meta property=\"og:site_name\" content=\"Oxygen Coaching\" \/>\n<meta property=\"article:publisher\" content=\"https:\/\/fr-fr.facebook.com\/oxygencoachingfrance\/\" \/>\n<meta property=\"article:modified_time\" content=\"2023-04-20T16:09:01+00:00\" \/>\n<meta name=\"twitter:card\" content=\"summary_large_image\" \/>\n<meta name=\"twitter:label1\" content=\"Tiempo de lectura\" \/>\n\t<meta name=\"twitter:data1\" content=\"2 minutos\" \/>\n<script type=\"application\/ld+json\" class=\"yoast-schema-graph\">{\"@context\":\"https:\/\/schema.org\",\"@graph\":[{\"@type\":\"WebPage\",\"@id\":\"https:\/\/www.oxygen-coaching.fr\/es\/la-espiral-coaching\/\",\"url\":\"https:\/\/www.oxygen-coaching.fr\/es\/la-espiral-coaching\/\",\"name\":\"La Espiral\u00a9 &#8226; Oxygen Coaching\",\"isPartOf\":{\"@id\":\"https:\/\/www.oxygen-coaching.fr\/#website\"},\"datePublished\":\"2019-09-18T17:20:55+00:00\",\"dateModified\":\"2023-04-20T16:09:01+00:00\",\"breadcrumb\":{\"@id\":\"https:\/\/www.oxygen-coaching.fr\/es\/la-espiral-coaching\/#breadcrumb\"},\"inLanguage\":\"es\",\"potentialAction\":[{\"@type\":\"ReadAction\",\"target\":[\"https:\/\/www.oxygen-coaching.fr\/es\/la-espiral-coaching\/\"]}]},{\"@type\":\"BreadcrumbList\",\"@id\":\"https:\/\/www.oxygen-coaching.fr\/es\/la-espiral-coaching\/#breadcrumb\",\"itemListElement\":[{\"@type\":\"ListItem\",\"position\":1,\"name\":\"Accueil\",\"item\":\"https:\/\/www.oxygen-coaching.fr\/es\/\"},{\"@type\":\"ListItem\",\"position\":2,\"name\":\"La Espiral\u00a9\"}]},{\"@type\":\"WebSite\",\"@id\":\"https:\/\/www.oxygen-coaching.fr\/#website\",\"url\":\"https:\/\/www.oxygen-coaching.fr\/\",\"name\":\"Oxygen Coaching\",\"description\":\"Catalyseur de r\u00e9ussite\",\"publisher\":{\"@id\":\"https:\/\/www.oxygen-coaching.fr\/#organization\"},\"potentialAction\":[{\"@type\":\"SearchAction\",\"target\":{\"@type\":\"EntryPoint\",\"urlTemplate\":\"https:\/\/www.oxygen-coaching.fr\/?s={search_term_string}\"},\"query-input\":{\"@type\":\"PropertyValueSpecification\",\"valueRequired\":true,\"valueName\":\"search_term_string\"}}],\"inLanguage\":\"es\"},{\"@type\":\"Organization\",\"@id\":\"https:\/\/www.oxygen-coaching.fr\/#organization\",\"name\":\"Oxygen Coaching\",\"url\":\"https:\/\/www.oxygen-coaching.fr\/\",\"logo\":{\"@type\":\"ImageObject\",\"inLanguage\":\"es\",\"@id\":\"https:\/\/www.oxygen-coaching.fr\/#\/schema\/logo\/image\/\",\"url\":\"https:\/\/www.oxygen-coaching.fr\/wp-content\/uploads\/logoRVBbassedf_logoseul1-1-1-e1603375273590-1.png\",\"contentUrl\":\"https:\/\/www.oxygen-coaching.fr\/wp-content\/uploads\/logoRVBbassedf_logoseul1-1-1-e1603375273590-1.png\",\"width\":322,\"height\":192,\"caption\":\"Oxygen Coaching\"},\"image\":{\"@id\":\"https:\/\/www.oxygen-coaching.fr\/#\/schema\/logo\/image\/\"},\"sameAs\":[\"https:\/\/fr-fr.facebook.com\/oxygencoachingfrance\/\",\"https:\/\/fr.linkedin.com\/in\/c\u00e9line-g\u00e9ara-thomas-0aa2bb\"]}]}<\/script>\n<!-- \/ Yoast SEO plugin. -->","yoast_head_json":{"title":"La Espiral\u00a9 &#8226; Oxygen Coaching","robots":{"index":"index","follow":"follow","max-snippet":"max-snippet:-1","max-image-preview":"max-image-preview:large","max-video-preview":"max-video-preview:-1"},"canonical":"https:\/\/www.oxygen-coaching.fr\/es\/la-espiral-coaching\/","og_locale":"es_ES","og_type":"article","og_title":"La Espiral\u00a9 &#8226; Oxygen Coaching","og_url":"https:\/\/www.oxygen-coaching.fr\/es\/la-espiral-coaching\/","og_site_name":"Oxygen Coaching","article_publisher":"https:\/\/fr-fr.facebook.com\/oxygencoachingfrance\/","article_modified_time":"2023-04-20T16:09:01+00:00","twitter_card":"summary_large_image","twitter_misc":{"Tiempo de lectura":"2 minutos"},"schema":{"@context":"https:\/\/schema.org","@graph":[{"@type":"WebPage","@id":"https:\/\/www.oxygen-coaching.fr\/es\/la-espiral-coaching\/","url":"https:\/\/www.oxygen-coaching.fr\/es\/la-espiral-coaching\/","name":"La Espiral\u00a9 &#8226; Oxygen Coaching","isPartOf":{"@id":"https:\/\/www.oxygen-coaching.fr\/#website"},"datePublished":"2019-09-18T17:20:55+00:00","dateModified":"2023-04-20T16:09:01+00:00","breadcrumb":{"@id":"https:\/\/www.oxygen-coaching.fr\/es\/la-espiral-coaching\/#breadcrumb"},"inLanguage":"es","potentialAction":[{"@type":"ReadAction","target":["https:\/\/www.oxygen-coaching.fr\/es\/la-espiral-coaching\/"]}]},{"@type":"BreadcrumbList","@id":"https:\/\/www.oxygen-coaching.fr\/es\/la-espiral-coaching\/#breadcrumb","itemListElement":[{"@type":"ListItem","position":1,"name":"Accueil","item":"https:\/\/www.oxygen-coaching.fr\/es\/"},{"@type":"ListItem","position":2,"name":"La Espiral\u00a9"}]},{"@type":"WebSite","@id":"https:\/\/www.oxygen-coaching.fr\/#website","url":"https:\/\/www.oxygen-coaching.fr\/","name":"Oxygen Coaching","description":"Catalyseur de r\u00e9ussite","publisher":{"@id":"https:\/\/www.oxygen-coaching.fr\/#organization"},"potentialAction":[{"@type":"SearchAction","target":{"@type":"EntryPoint","urlTemplate":"https:\/\/www.oxygen-coaching.fr\/?s={search_term_string}"},"query-input":{"@type":"PropertyValueSpecification","valueRequired":true,"valueName":"search_term_string"}}],"inLanguage":"es"},{"@type":"Organization","@id":"https:\/\/www.oxygen-coaching.fr\/#organization","name":"Oxygen Coaching","url":"https:\/\/www.oxygen-coaching.fr\/","logo":{"@type":"ImageObject","inLanguage":"es","@id":"https:\/\/www.oxygen-coaching.fr\/#\/schema\/logo\/image\/","url":"https:\/\/www.oxygen-coaching.fr\/wp-content\/uploads\/logoRVBbassedf_logoseul1-1-1-e1603375273590-1.png","contentUrl":"https:\/\/www.oxygen-coaching.fr\/wp-content\/uploads\/logoRVBbassedf_logoseul1-1-1-e1603375273590-1.png","width":322,"height":192,"caption":"Oxygen Coaching"},"image":{"@id":"https:\/\/www.oxygen-coaching.fr\/#\/schema\/logo\/image\/"},"sameAs":["https:\/\/fr-fr.facebook.com\/oxygencoachingfrance\/","https:\/\/fr.linkedin.com\/in\/c\u00e9line-g\u00e9ara-thomas-0aa2bb"]}]}},"_links":{"self":[{"href":"https:\/\/www.oxygen-coaching.fr\/es\/wp-json\/wp\/v2\/pages\/4682","targetHints":{"allow":["GET"]}}],"collection":[{"href":"https:\/\/www.oxygen-coaching.fr\/es\/wp-json\/wp\/v2\/pages"}],"about":[{"href":"https:\/\/www.oxygen-coaching.fr\/es\/wp-json\/wp\/v2\/types\/page"}],"author":[{"embeddable":true,"href":"https:\/\/www.oxygen-coaching.fr\/es\/wp-json\/wp\/v2\/users\/6"}],"replies":[{"embeddable":true,"href":"https:\/\/www.oxygen-coaching.fr\/es\/wp-json\/wp\/v2\/comments?post=4682"}],"version-history":[{"count":38,"href":"https:\/\/www.oxygen-coaching.fr\/es\/wp-json\/wp\/v2\/pages\/4682\/revisions"}],"predecessor-version":[{"id":11996,"href":"https:\/\/www.oxygen-coaching.fr\/es\/wp-json\/wp\/v2\/pages\/4682\/revisions\/11996"}],"up":[{"embeddable":true,"href":"https:\/\/www.oxygen-coaching.fr\/es\/wp-json\/wp\/v2\/pages\/4642"}],"wp:attachment":[{"href":"https:\/\/www.oxygen-coaching.fr\/es\/wp-json\/wp\/v2\/media?parent=4682"}],"curies":[{"name":"wp","href":"https:\/\/api.w.org\/{rel}","templated":true}]}}